{"id":380,"date":"2019-10-09T20:32:11","date_gmt":"2019-10-09T20:32:11","guid":{"rendered":"https:\/\/tequilalaterna.com.mx\/?page_id=380"},"modified":"2023-03-24T17:24:38","modified_gmt":"2023-03-24T17:24:38","slug":"historia","status":"publish","type":"page","link":"https:\/\/tequilalaterna.com.mx\/en\/historia\/","title":{"rendered":"History"},"content":{"rendered":"\t\t<div data-elementor-type=\"wp-page\" data-elementor-id=\"380\" class=\"elementor elementor-380\" data-elementor-post-type=\"page\">\n\t\t\t\t\t\t<section class=\"elementor-section elementor-top-section elementor-element elementor-element-ddba652 elementor-section-boxed elementor-section-height-default elementor-section-height-default\" data-id=\"ddba652\" data-element_type=\"section\" data-e-type=\"section\">\n\t\t\t\t\t\t<div class=\"elementor-container elementor-column-gap-default\">\n\t\t\t\t\t<div class=\"elementor-column elementor-col-100 elementor-top-column elementor-element elementor-element-0bfc5c2\" data-id=\"0bfc5c2\" data-element_type=\"column\" data-e-type=\"column\">\n\t\t\t<div class=\"elementor-widget-wrap elementor-element-populated\">\n\t\t\t\t\t\t<div class=\"elementor-element elementor-element-fc30ee7 elementor-widget elementor-widget-shortcode\" data-id=\"fc30ee7\" data-element_type=\"widget\" data-e-type=\"widget\" data-widget_type=\"shortcode.default\">\n\t\t\t\t<div class=\"elementor-widget-container\">\n\t\t\t\t\t\t\t<div class=\"elementor-shortcode\">\n\t\t\t<!-- START Historia REVOLUTION SLIDER 6.7.34 --><p class=\"rs-p-wp-fix\"><\/p>\n\t\t\t<rs-module-wrap id=\"rev_slider_2_1_wrapper\" data-source=\"gallery\" style=\"visibility:hidden;background:transparent;padding:0;margin:0px auto;margin-top:0;margin-bottom:0;\">\n\t\t\t\t<rs-module id=\"rev_slider_2_1\" style=\"\" data-version=\"6.7.34\">\n\t\t\t\t\t<rs-slides style=\"overflow: hidden; position: absolute;\">\n\t\t\t\t\t\t<rs-slide style=\"position: absolute;\" data-key=\"rs-7\" data-title=\"Slide\" data-anim=\"ms:1000;r:0;\" data-in=\"o:0;\" data-out=\"a:false;\">\n\t\t\t\t\t\t\t<img decoding=\"async\" src=\"\/\/tequilalaterna.com.mx\/wp-content\/plugins\/revslider\/sr6\/assets\/assets\/dummy.png\" alt=\"\" title=\"Historia\" class=\"rev-slidebg tp-rs-img rs-lazyload\" data-lazyload=\"\/\/tequilalaterna.com.mx\/wp-content\/uploads\/2019\/11\/1-1.jpg\" data-bg=\"p:center top;\" data-no-retina>\n<!---->\t\t\t\t\t<\/rs-slide>\n\t\t\t\t\t\t<rs-slide style=\"position: absolute;\" data-key=\"rs-8\" data-title=\"Slide\" data-anim=\"ms:1000;r:0;\" data-in=\"o:0;\" data-out=\"a:false;\">\n\t\t\t\t\t\t\t<img decoding=\"async\" src=\"\/\/tequilalaterna.com.mx\/wp-content\/plugins\/revslider\/sr6\/assets\/assets\/dummy.png\" alt=\"\" title=\"Historia\" class=\"rev-slidebg tp-rs-img rs-lazyload\" data-lazyload=\"\/\/tequilalaterna.com.mx\/wp-content\/uploads\/2019\/11\/2-1.jpg\" data-bg=\"p:center top;\" data-no-retina>\n<!---->\t\t\t\t\t<\/rs-slide>\n\t\t\t\t\t\t<rs-slide style=\"position: absolute;\" data-key=\"rs-9\" data-title=\"Slide\" data-anim=\"ms:1000;r:0;\" data-in=\"o:0;\" data-out=\"a:false;\">\n\t\t\t\t\t\t\t<img decoding=\"async\" src=\"\/\/tequilalaterna.com.mx\/wp-content\/plugins\/revslider\/sr6\/assets\/assets\/dummy.png\" alt=\"\" title=\"Historia\" class=\"rev-slidebg tp-rs-img rs-lazyload\" data-lazyload=\"\/\/tequilalaterna.com.mx\/wp-content\/uploads\/2019\/11\/3-1.jpg\" data-no-retina>\n<!---->\t\t\t\t\t<\/rs-slide>\n\t\t\t\t\t<\/rs-slides>\n\t\t\t\t<\/rs-module>\n\t\t\t\t<script>\n\t\t\t\t\tsetREVStartSize({c: 'rev_slider_2_1',rl:[1240,1024,778,480],el:[900],gw:[1240],gh:[900],type:'standard',justify:'',layout:'fullwidth',mh:\"0\"});if (window.RS_MODULES!==undefined && window.RS_MODULES.modules!==undefined && window.RS_MODULES.modules[\"revslider21\"]!==undefined) {window.RS_MODULES.modules[\"revslider21\"].once = false;window.revapi2 = undefined;if (window.RS_MODULES.checkMinimal!==undefined) window.RS_MODULES.checkMinimal()}\n\t\t\t\t<\/script>\n\t\t\t<\/rs-module-wrap>\n\t\t\t<!-- END REVOLUTION SLIDER -->\n<\/div>\n\t\t\t\t\t\t<\/div>\n\t\t\t\t<\/div>\n\t\t\t\t\t<\/div>\n\t\t<\/div>\n\t\t\t\t\t<\/div>\n\t\t<\/section>\n\t\t\t\t<section class=\"elementor-section elementor-top-section elementor-element elementor-element-9706d27 elementor-section-stretched elementor-section-boxed elementor-section-height-default elementor-section-height-default\" data-id=\"9706d27\" data-element_type=\"section\" data-e-type=\"section\" data-settings=\"{&quot;stretch_section&quot;:&quot;section-stretched&quot;,&quot;background_background&quot;:&quot;classic&quot;}\">\n\t\t\t\t\t\t<div class=\"elementor-container elementor-column-gap-default\">\n\t\t\t\t\t<div class=\"elementor-column elementor-col-100 elementor-top-column elementor-element elementor-element-7af9d7a\" data-id=\"7af9d7a\" data-element_type=\"column\" data-e-type=\"column\">\n\t\t\t<div class=\"elementor-widget-wrap elementor-element-populated\">\n\t\t\t\t\t\t<div class=\"elementor-element elementor-element-ec220cd elementor-widget elementor-widget-image\" data-id=\"ec220cd\" data-element_type=\"widget\" data-e-type=\"widget\" data-widget_type=\"image.default\">\n\t\t\t\t<div class=\"elementor-widget-container\">\n\t\t\t\t\t\t\t\t\t\t\t\t\t\t\t<img fetchpriority=\"high\" decoding=\"async\" width=\"300\" height=\"194\" src=\"https:\/\/tequilalaterna.com.mx\/wp-content\/uploads\/2019\/10\/LOGO-LA-TERNA-rgb-05-300x194.png\" class=\"attachment-medium size-medium wp-image-276\" alt=\"\" \/>\t\t\t\t\t\t\t\t\t\t\t\t\t\t\t<\/div>\n\t\t\t\t<\/div>\n\t\t\t\t<div class=\"elementor-element elementor-element-2014b35 elementor-widget elementor-widget-text-editor\" data-id=\"2014b35\" data-element_type=\"widget\" data-e-type=\"widget\" data-widget_type=\"text-editor.default\">\n\t\t\t\t<div class=\"elementor-widget-container\">\n\t\t\t\t\t\t\t\t\t<p style=\"text-align: center;\">La Terna\u00ae es un tequila 100% mexicano, proveniente de los campos agaveros de la familia Mu\u00f1oz en Arandas<br \/>Jalisco, M\u00e9xico.<\/p><p style=\"text-align: center;\"><br \/>Es cultivado por las manos de nuestros jimadores, quienes trabajan de sol a sol cuidando cada uno de los<br \/>hijuelos, que tardan alrededor de diez<br \/>a\u00f1os en convertirse en una gota de tequila 100% de agave azul premium.<\/p><p style=\"text-align: center;\"><br \/>Nuestro tequila es producido a trav\u00e9s de un m\u00e9todo tradicional que ha sido transmitido de generaci\u00f3n en<br \/>generaci\u00f3n y que finalmente es almacenado en barricas de roble blanco para darle un sabor<br \/>excepcional.<\/p><p style=\"text-align: center;\"><br \/>Nuestra misi\u00f3n es mejorar la experiencia a la hora de tomar tequila, donde el sabor, el aroma y el cuerpo est\u00e9n<br \/>presentes en la mente del consumidor en todo momento.<\/p>\t\t\t\t\t\t\t\t<\/div>\n\t\t\t\t<\/div>\n\t\t\t\t\t<\/div>\n\t\t<\/div>\n\t\t\t\t\t<\/div>\n\t\t<\/section>\n\t\t\t\t<\/div>\n\t\t","protected":false},"excerpt":{"rendered":"<p>&hellip;<\/p>","protected":false},"author":1,"featured_media":0,"parent":0,"menu_order":0,"comment_status":"closed","ping_status":"closed","template":"","meta":{"footnotes":""},"class_list":["post-380","page","type-page","status-publish","hentry"],"_links":{"self":[{"href":"https:\/\/tequilalaterna.com.mx\/en\/wp-json\/wp\/v2\/pages\/380","targetHints":{"allow":["GET"]}}],"collection":[{"href":"https:\/\/tequilalaterna.com.mx\/en\/wp-json\/wp\/v2\/pages"}],"about":[{"href":"https:\/\/tequilalaterna.com.mx\/en\/wp-json\/wp\/v2\/types\/page"}],"author":[{"embeddable":true,"href":"https:\/\/tequilalaterna.com.mx\/en\/wp-json\/wp\/v2\/users\/1"}],"replies":[{"embeddable":true,"href":"https:\/\/tequilalaterna.com.mx\/en\/wp-json\/wp\/v2\/comments?post=380"}],"version-history":[{"count":20,"href":"https:\/\/tequilalaterna.com.mx\/en\/wp-json\/wp\/v2\/pages\/380\/revisions"}],"predecessor-version":[{"id":972,"href":"https:\/\/tequilalaterna.com.mx\/en\/wp-json\/wp\/v2\/pages\/380\/revisions\/972"}],"wp:attachment":[{"href":"https:\/\/tequilalaterna.com.mx\/en\/wp-json\/wp\/v2\/media?parent=380"}],"curies":[{"name":"wp","href":"https:\/\/api.w.org\/{rel}","templated":true}]}}